{"id":62,"date":"2024-02-20T11:38:24","date_gmt":"2024-02-20T14:38:24","guid":{"rendered":"https:\/\/deve-slim.aracaju.se.gov.br\/?page_id=62"},"modified":"2025-06-09T08:57:10","modified_gmt":"2025-06-09T11:57:10","slug":"pagina-inicial","status":"publish","type":"page","link":"https:\/\/slim.aracaju.se.gov.br\/home\/","title":{"rendered":"P\u00e1gina Inicial"},"content":{"rendered":"<h3 data-start=\"178\" data-end=\"260\"><strong data-start=\"182\" data-end=\"258\">Passo a Passo para Cadastrar &#8220;Servi\u00e7os&#8221; no Menu Header &amp; Footer<\/strong><\/h3>\n<p>No menu lateral, localize a op\u00e7\u00e3o <strong data-start=\"376\" data-end=\"395\">Header &amp; Footer<\/strong> e clique para expandir as configura\u00e7\u00f5es.<\/p>\n<p><img loading=\"lazy\" decoding=\"async\" class=\"alignnone size-medium wp-image-655\" src=\"https:\/\/slim.aracaju.se.gov.br\/home\/wp-content\/uploads\/2025\/03\/Frame-7-300x130.png\" alt=\"\" width=\"300\" height=\"130\" srcset=\"https:\/\/slim.aracaju.se.gov.br\/home\/wp-content\/uploads\/2025\/03\/Frame-7-300x130.png 300w, https:\/\/slim.aracaju.se.gov.br\/home\/wp-content\/uploads\/2025\/03\/Frame-7-650x281.png 650w, https:\/\/slim.aracaju.se.gov.br\/home\/wp-content\/uploads\/2025\/03\/Frame-7.png 699w\" sizes=\"auto, (max-width: 300px) 100vw, 300px\" \/><\/p>\n<h3 data-start=\"262\" data-end=\"308\">Localize a Se\u00e7\u00e3o &#8220;Servi\u00e7os&#8221;<\/h3>\n<ul>\n<li class=\"\" data-start=\"491\" data-end=\"564\">\n<p class=\"\" data-start=\"493\" data-end=\"564\">Dentro de <strong data-start=\"503\" data-end=\"522\">Se\u00e7\u00f5es<\/strong>, procure a op\u00e7\u00e3o <strong data-start=\"540\" data-end=\"561\">Servi\u00e7os<\/strong>.<\/p>\n<\/li>\n<li class=\"\" data-start=\"565\" data-end=\"613\">\n<p class=\"\" data-start=\"567\" data-end=\"613\">Se a se\u00e7\u00e3o j\u00e1 existir, s\u00f3 precisa <strong>Alterar nos campos.<\/strong><\/p>\n<\/li>\n<li class=\"\" data-start=\"614\" data-end=\"715\">\n<p class=\"\" data-start=\"616\" data-end=\"715\">Se precisar adicionar, clique em <b>Adicionar Linha<\/b><\/p>\n<\/li>\n<\/ul>\n<p class=\"\" data-start=\"616\" data-end=\"715\"><b><\/b><img loading=\"lazy\" decoding=\"async\" class=\"alignnone wp-image-658 \" src=\"https:\/\/slim.aracaju.se.gov.br\/home\/wp-content\/uploads\/2025\/03\/Frame-8.png\" alt=\"\" width=\"368\" height=\"159\" srcset=\"https:\/\/slim.aracaju.se.gov.br\/home\/wp-content\/uploads\/2025\/03\/Frame-8.png 699w, https:\/\/slim.aracaju.se.gov.br\/home\/wp-content\/uploads\/2025\/03\/Frame-8-300x130.png 300w, https:\/\/slim.aracaju.se.gov.br\/home\/wp-content\/uploads\/2025\/03\/Frame-8-650x281.png 650w\" sizes=\"auto, (max-width: 368px) 100vw, 368px\" \/><\/p>\n<h3>Preencha os Detalhes do Servi\u00e7o<\/h3>\n<p><strong>T\u00edtulo | <\/strong><strong data-start=\"837\" data-end=\"850\">Descri\u00e7\u00e3o | <\/strong><strong data-start=\"891\" data-end=\"919\">Link\u00a0<\/strong><\/p>\n<p>Para Salvar, clique no bot\u00e3o <strong>Atualizar na aba publicar<\/strong><\/p>\n<p><img loading=\"lazy\" decoding=\"async\" class=\"alignnone wp-image-657 size-full\" src=\"https:\/\/slim.aracaju.se.gov.br\/home\/wp-content\/uploads\/2025\/03\/Frame-9.png\" alt=\"\" width=\"1452\" height=\"120\" srcset=\"https:\/\/slim.aracaju.se.gov.br\/home\/wp-content\/uploads\/2025\/03\/Frame-9.png 1452w, https:\/\/slim.aracaju.se.gov.br\/home\/wp-content\/uploads\/2025\/03\/Frame-9-300x25.png 300w, https:\/\/slim.aracaju.se.gov.br\/home\/wp-content\/uploads\/2025\/03\/Frame-9-1024x85.png 1024w, https:\/\/slim.aracaju.se.gov.br\/home\/wp-content\/uploads\/2025\/03\/Frame-9-768x63.png 768w, https:\/\/slim.aracaju.se.gov.br\/home\/wp-content\/uploads\/2025\/03\/Frame-9-650x54.png 650w\" sizes=\"auto, (max-width: 1452px) 100vw, 1452px\" \/><\/p>\n<h2>Menu<\/h2>\n<ul>\n<li>O cadastro das op\u00e7\u00f5es de menu encontram-se no menu lateral Apar\u00eancia &gt;&gt; Menus.<\/li>\n<\/ul>\n","protected":false},"excerpt":{"rendered":"<p>Passo a Passo para Cadastrar &#8220;Servi\u00e7os&#8221; no Menu Header &amp; Footer No menu lateral, localize a op\u00e7\u00e3o Header &amp; Footer e clique para expandir as configura\u00e7\u00f5es. Localize a Se\u00e7\u00e3o &#8220;Servi\u00e7os&#8221; Dentro de Se\u00e7\u00f5es, procure a op\u00e7\u00e3o Servi\u00e7os. Se a se\u00e7\u00e3o j\u00e1 existir, s\u00f3 precisa Alterar nos campos. Se precisar adicionar, clique em Adicionar Linha Preencha [&hellip;]<\/p>\n","protected":false},"author":1,"featured_media":0,"parent":0,"menu_order":0,"comment_status":"closed","ping_status":"closed","template":"front-page.php","meta":{"_acf_changed":false,"footnotes":""},"class_list":["post-62","page","type-page","status-publish","hentry"],"acf":[],"_links":{"self":[{"href":"https:\/\/slim.aracaju.se.gov.br\/home\/wp-json\/wp\/v2\/pages\/62","targetHints":{"allow":["GET"]}}],"collection":[{"href":"https:\/\/slim.aracaju.se.gov.br\/home\/wp-json\/wp\/v2\/pages"}],"about":[{"href":"https:\/\/slim.aracaju.se.gov.br\/home\/wp-json\/wp\/v2\/types\/page"}],"author":[{"embeddable":true,"href":"https:\/\/slim.aracaju.se.gov.br\/home\/wp-json\/wp\/v2\/users\/1"}],"replies":[{"embeddable":true,"href":"https:\/\/slim.aracaju.se.gov.br\/home\/wp-json\/wp\/v2\/comments?post=62"}],"version-history":[{"count":6,"href":"https:\/\/slim.aracaju.se.gov.br\/home\/wp-json\/wp\/v2\/pages\/62\/revisions"}],"predecessor-version":[{"id":670,"href":"https:\/\/slim.aracaju.se.gov.br\/home\/wp-json\/wp\/v2\/pages\/62\/revisions\/670"}],"wp:attachment":[{"href":"https:\/\/slim.aracaju.se.gov.br\/home\/wp-json\/wp\/v2\/media?parent=62"}],"curies":[{"name":"wp","href":"https:\/\/api.w.org\/{rel}","templated":true}]}}