{"id":600,"date":"2024-12-19T17:59:02","date_gmt":"2024-12-19T20:59:02","guid":{"rendered":"https:\/\/slim.aracaju.se.gov.br\/home\/?page_id=600"},"modified":"2024-12-20T11:48:42","modified_gmt":"2024-12-20T14:48:42","slug":"autodeclaratorio","status":"publish","type":"page","link":"https:\/\/slim.aracaju.se.gov.br\/home\/urbanismo\/autodeclaratorio\/","title":{"rendered":"Licenciamento Urban\u00edstico Autodeclarat\u00f3rio"},"content":{"rendered":"","protected":false},"excerpt":{"rendered":"","protected":false},"author":1,"featured_media":0,"parent":442,"menu_order":0,"comment_status":"closed","ping_status":"closed","template":"template-parts\/page-acoes-servicos.php","meta":{"_acf_changed":false,"footnotes":""},"class_list":["post-600","page","type-page","status-publish","hentry"],"acf":{"descricao_geral":"Solicite Alvar\u00e1 de Constru\u00e7\u00e3o Uniresidencial, Autoriza\u00e7\u00e3o de Reparos Gerais e Certid\u00e3o de Laudo de Vistoria.","categoria_abreviada":"","ocultar_prod":false,"servicos":[{"titulo":"Alvar\u00e1 de Constru\u00e7\u00e3o (Autodeclarat\u00f3rio)","descricao":"","labelButton":"Solicitar","link":"\/home\/urbanismo\/autodeclaratorio\/alvara-de-construcao-uniresidencial","parametros":"","method":"POST","is_prod":true,"indisponivel":false,"mostrar_modal":false,"mensagem_modal":"","mensagem_cancelar":""},{"titulo":"Autoriza\u00e7\u00f5es  (Autodeclarat\u00f3rio)","descricao":"","labelButton":"Solicitar","link":"\/home\/urbanismo\/autodeclaratorio\/autorizacoes\/","parametros":"","method":"POST","is_prod":false,"indisponivel":false,"mostrar_modal":false,"mensagem_modal":"","mensagem_cancelar":""},{"titulo":"Certid\u00f5es  (Autodeclarat\u00f3rio)","descricao":"","labelButton":"Solicitar","link":"","parametros":"","method":"POST","is_prod":false,"indisponivel":false,"mostrar_modal":false,"mensagem_modal":"","mensagem_cancelar":""}]},"_links":{"self":[{"href":"https:\/\/slim.aracaju.se.gov.br\/home\/wp-json\/wp\/v2\/pages\/600","targetHints":{"allow":["GET"]}}],"collection":[{"href":"https:\/\/slim.aracaju.se.gov.br\/home\/wp-json\/wp\/v2\/pages"}],"about":[{"href":"https:\/\/slim.aracaju.se.gov.br\/home\/wp-json\/wp\/v2\/types\/page"}],"author":[{"embeddable":true,"href":"https:\/\/slim.aracaju.se.gov.br\/home\/wp-json\/wp\/v2\/users\/1"}],"replies":[{"embeddable":true,"href":"https:\/\/slim.aracaju.se.gov.br\/home\/wp-json\/wp\/v2\/comments?post=600"}],"version-history":[{"count":3,"href":"https:\/\/slim.aracaju.se.gov.br\/home\/wp-json\/wp\/v2\/pages\/600\/revisions"}],"predecessor-version":[{"id":622,"href":"https:\/\/slim.aracaju.se.gov.br\/home\/wp-json\/wp\/v2\/pages\/600\/revisions\/622"}],"up":[{"embeddable":true,"href":"https:\/\/slim.aracaju.se.gov.br\/home\/wp-json\/wp\/v2\/pages\/442"}],"wp:attachment":[{"href":"https:\/\/slim.aracaju.se.gov.br\/home\/wp-json\/wp\/v2\/media?parent=600"}],"curies":[{"name":"wp","href":"https:\/\/api.w.org\/{rel}","templated":true}]}}