{"id":491,"date":"2024-09-17T09:36:14","date_gmt":"2024-09-17T12:36:14","guid":{"rendered":"https:\/\/slim.aracaju.se.gov.br\/home\/?page_id=491"},"modified":"2024-09-17T09:36:14","modified_gmt":"2024-09-17T12:36:14","slug":"alvara-de-localizacao","status":"publish","type":"page","link":"https:\/\/slim.aracaju.se.gov.br\/home\/tributario\/alvara-de-localizacao\/","title":{"rendered":"Alvar\u00e1 de Localiza\u00e7\u00e3o"},"content":{"rendered":"","protected":false},"excerpt":{"rendered":"","protected":false},"author":1,"featured_media":0,"parent":208,"menu_order":0,"comment_status":"closed","ping_status":"closed","template":"template-parts\/page-acoes-servicos.php","meta":{"_acf_changed":false,"footnotes":""},"class_list":["post-491","page","type-page","status-publish","hentry"],"acf":{"descricao_geral":"","categoria_abreviada":"","ocultar_prod":false,"servicos":[{"titulo":"Alvar\u00e1 de Localiza\u00e7\u00e3o","descricao":"","labelButton":"Solicitar","link":"https:\/\/%s.agiliza.se.gov.br\/s\/obtencao\/municipal","parametros":"{'perfil':'104202','tipoDoc':'1'}","method":"GET","is_prod":true,"indisponivel":false,"mostrar_modal":false,"mensagem_modal":"","mensagem_cancelar":""}]},"_links":{"self":[{"href":"https:\/\/slim.aracaju.se.gov.br\/home\/wp-json\/wp\/v2\/pages\/491","targetHints":{"allow":["GET"]}}],"collection":[{"href":"https:\/\/slim.aracaju.se.gov.br\/home\/wp-json\/wp\/v2\/pages"}],"about":[{"href":"https:\/\/slim.aracaju.se.gov.br\/home\/wp-json\/wp\/v2\/types\/page"}],"author":[{"embeddable":true,"href":"https:\/\/slim.aracaju.se.gov.br\/home\/wp-json\/wp\/v2\/users\/1"}],"replies":[{"embeddable":true,"href":"https:\/\/slim.aracaju.se.gov.br\/home\/wp-json\/wp\/v2\/comments?post=491"}],"version-history":[{"count":1,"href":"https:\/\/slim.aracaju.se.gov.br\/home\/wp-json\/wp\/v2\/pages\/491\/revisions"}],"predecessor-version":[{"id":492,"href":"https:\/\/slim.aracaju.se.gov.br\/home\/wp-json\/wp\/v2\/pages\/491\/revisions\/492"}],"up":[{"embeddable":true,"href":"https:\/\/slim.aracaju.se.gov.br\/home\/wp-json\/wp\/v2\/pages\/208"}],"wp:attachment":[{"href":"https:\/\/slim.aracaju.se.gov.br\/home\/wp-json\/wp\/v2\/media?parent=491"}],"curies":[{"name":"wp","href":"https:\/\/api.w.org\/{rel}","templated":true}]}}