{"id":486,"date":"2024-09-04T14:40:38","date_gmt":"2024-09-04T17:40:38","guid":{"rendered":"https:\/\/slim.aracaju.se.gov.br\/home\/?page_id=486"},"modified":"2025-03-26T11:08:45","modified_gmt":"2025-03-26T14:08:45","slug":"credenciamento","status":"publish","type":"page","link":"https:\/\/slim.aracaju.se.gov.br\/home\/urbanismo\/credenciamento\/","title":{"rendered":"Credenciamento"},"content":{"rendered":"","protected":false},"excerpt":{"rendered":"","protected":false},"author":1,"featured_media":0,"parent":442,"menu_order":0,"comment_status":"closed","ping_status":"closed","template":"template-parts\/page-acoes-servicos.php","meta":{"_acf_changed":false,"footnotes":""},"class_list":["post-486","page","type-page","status-publish","hentry"],"acf":{"descricao_geral":"Solicite ou consulte o credenciamento para os respons\u00e1veis t\u00e9cnicos (arquitetos, engenheiros e t\u00e9cnicos) no \u00e2mbito do Licenciamento Urban\u00edstico Autodeclarat\u00f3rio.","categoria_abreviada":"","ocultar_prod":false,"servicos":[{"titulo":"Cadastro t\u00e9cnico","descricao":"Solicite o credenciamento no cadastro t\u00e9cnico municipal da Emurb.","labelButton":"Solicitar","link":"\/solicitacao\/evento\/eyJmdW5jaW9uYWxpZGFkZSI6IkNyZWRlbmNpYW1lbnRvIiwiZXZlbnRvcyI6WyIxNzAwIl0sImRlc2NfZXZlbnRvIjoiUmVzcG9uc8OhdmVsIFTDqWNuaWNvIiwidGlwb19zb2xpY2l0YWNhbyI6IjIyIiwicGVyZmlsX2VudGlkYWRlIjoiMTA0MjAyIn0=","parametros":"","method":"POST","is_prod":true,"indisponivel":false,"mostrar_modal":false,"mensagem_modal":"","mensagem_cancelar":""},{"titulo":"Consultar Credenciados","descricao":"Verifique os respons\u00e1veis t\u00e9cnicos credenciados.","labelButton":"Consultar","link":"\/licenciamento-sli\/credenciados\/eyJpc1VyYmFuaXNtbyI6dHJ1ZSwidGlwb0NyZWRlbmNpYW1lbnRvIjoxMiwgIm9yZ2FvIjoyNjUwMH0=","parametros":"","method":"POST","is_prod":true,"indisponivel":false,"mostrar_modal":false,"mensagem_modal":"","mensagem_cancelar":""}]},"_links":{"self":[{"href":"https:\/\/slim.aracaju.se.gov.br\/home\/wp-json\/wp\/v2\/pages\/486","targetHints":{"allow":["GET"]}}],"collection":[{"href":"https:\/\/slim.aracaju.se.gov.br\/home\/wp-json\/wp\/v2\/pages"}],"about":[{"href":"https:\/\/slim.aracaju.se.gov.br\/home\/wp-json\/wp\/v2\/types\/page"}],"author":[{"embeddable":true,"href":"https:\/\/slim.aracaju.se.gov.br\/home\/wp-json\/wp\/v2\/users\/1"}],"replies":[{"embeddable":true,"href":"https:\/\/slim.aracaju.se.gov.br\/home\/wp-json\/wp\/v2\/comments?post=486"}],"version-history":[{"count":5,"href":"https:\/\/slim.aracaju.se.gov.br\/home\/wp-json\/wp\/v2\/pages\/486\/revisions"}],"predecessor-version":[{"id":651,"href":"https:\/\/slim.aracaju.se.gov.br\/home\/wp-json\/wp\/v2\/pages\/486\/revisions\/651"}],"up":[{"embeddable":true,"href":"https:\/\/slim.aracaju.se.gov.br\/home\/wp-json\/wp\/v2\/pages\/442"}],"wp:attachment":[{"href":"https:\/\/slim.aracaju.se.gov.br\/home\/wp-json\/wp\/v2\/media?parent=486"}],"curies":[{"name":"wp","href":"https:\/\/api.w.org\/{rel}","templated":true}]}}