{"id":297,"date":"2024-03-08T17:10:53","date_gmt":"2024-03-08T20:10:53","guid":{"rendered":"https:\/\/%s-slim.aracaju.se.gov.br\/home\/?page_id=297"},"modified":"2024-03-11T15:05:56","modified_gmt":"2024-03-11T18:05:56","slug":"regularizacao-no-municipio","status":"publish","type":"page","link":"https:\/\/slim.aracaju.se.gov.br\/home\/pessoa-juridica\/regularizacao-no-municipio\/","title":{"rendered":"Regulariza\u00e7\u00e3o no Munic\u00edpio"},"content":{"rendered":"","protected":false},"excerpt":{"rendered":"","protected":false},"author":4,"featured_media":0,"parent":191,"menu_order":0,"comment_status":"closed","ping_status":"closed","template":"template-parts\/page-acoes-servicos.php","meta":{"_acf_changed":false,"footnotes":""},"class_list":["post-297","page","type-page","status-publish","hentry"],"acf":{"descricao_geral":"Evite multas, suspens\u00e3o ou interdi\u00e7\u00e3o de atividades ou at\u00e9 mesmo cassa\u00e7\u00e3o do seu Alvar\u00e1. Se est\u00e1 funcionando irregular, solicite a devida regulariza\u00e7\u00e3o da sua empresa ou neg\u00f3cio.","categoria_abreviada":"PJ","ocultar_prod":false,"servicos":[{"titulo":"Matriz","descricao":"Estabelecimento Matriz","labelButton":"Solicitar","link":"https:\/\/%s.agiliza.se.gov.br\/s\/regularizacao\/m","parametros":"","method":"GET","is_prod":true,"indisponivel":false,"mostrar_modal":false,"mensagem_modal":"","mensagem_cancelar":""},{"titulo":"Filial","descricao":"Estabelecimento Filial","labelButton":"Solicitar","link":"https:\/\/%s.agiliza.se.gov.br\/s\/regularizacao\/f","parametros":"","method":"GET","is_prod":true,"indisponivel":false,"mostrar_modal":false,"mensagem_modal":"","mensagem_cancelar":""}]},"_links":{"self":[{"href":"https:\/\/slim.aracaju.se.gov.br\/home\/wp-json\/wp\/v2\/pages\/297","targetHints":{"allow":["GET"]}}],"collection":[{"href":"https:\/\/slim.aracaju.se.gov.br\/home\/wp-json\/wp\/v2\/pages"}],"about":[{"href":"https:\/\/slim.aracaju.se.gov.br\/home\/wp-json\/wp\/v2\/types\/page"}],"author":[{"embeddable":true,"href":"https:\/\/slim.aracaju.se.gov.br\/home\/wp-json\/wp\/v2\/users\/4"}],"replies":[{"embeddable":true,"href":"https:\/\/slim.aracaju.se.gov.br\/home\/wp-json\/wp\/v2\/comments?post=297"}],"version-history":[{"count":2,"href":"https:\/\/slim.aracaju.se.gov.br\/home\/wp-json\/wp\/v2\/pages\/297\/revisions"}],"predecessor-version":[{"id":338,"href":"https:\/\/slim.aracaju.se.gov.br\/home\/wp-json\/wp\/v2\/pages\/297\/revisions\/338"}],"up":[{"embeddable":true,"href":"https:\/\/slim.aracaju.se.gov.br\/home\/wp-json\/wp\/v2\/pages\/191"}],"wp:attachment":[{"href":"https:\/\/slim.aracaju.se.gov.br\/home\/wp-json\/wp\/v2\/media?parent=297"}],"curies":[{"name":"wp","href":"https:\/\/api.w.org\/{rel}","templated":true}]}}